{"id":4593,"date":"2026-03-25T15:51:54","date_gmt":"2026-03-25T15:51:54","guid":{"rendered":"https:\/\/veterinaireileperrot.com\/veterinarian-position\/"},"modified":"2026-04-01T16:06:04","modified_gmt":"2026-04-01T16:06:04","slug":"veterinarian-position","status":"publish","type":"page","link":"https:\/\/veterinaireileperrot.com\/en\/veterinarian-position\/","title":{"rendered":"Veterinarian position"},"content":{"rendered":"<p>[et_pb_section fb_built=&#8221;1&#8243; _builder_version=&#8221;4.16&#8243; background_color=&#8221;#ffffff&#8221; custom_padding=&#8221;37px||37px|||&#8221; border_width_bottom=&#8221;6px&#8221; border_color_bottom=&#8221;#7bb03e&#8221; global_colors_info=&#8221;{}&#8221;][et_pb_row _builder_version=&#8221;4.16&#8243; global_colors_info=&#8221;{}&#8221;][et_pb_column type=&#8221;4_4&#8243; _builder_version=&#8221;4.16&#8243; global_colors_info=&#8221;{}&#8221;][et_pb_text _builder_version=&#8221;4.16&#8243; text_text_color=&#8221;#000000&#8243; text_font_size=&#8221;18px&#8221; header_font=&#8221;|||on|||||&#8221; header_text_color=&#8221;#434343&#8243; header_font_size=&#8221;36px&#8221; global_colors_info=&#8221;{}&#8221;]<\/p>\n<h1><strong>VETERINARIAN POSITION<\/strong><\/h1>\n<p>[\/et_pb_text][\/et_pb_column][\/et_pb_row][\/et_pb_section][et_pb_section fb_built=&#8221;1&#8243; custom_padding_last_edited=&#8221;on|tablet&#8221; admin_label=&#8221;Contact Form&#8221; _builder_version=&#8221;4.16&#8243; background_color=&#8221;#ffffff&#8221; custom_padding=&#8221;41px||15px|||&#8221; custom_padding_tablet=&#8221;60px|||&#8221; custom_padding_phone=&#8221;&#8221; global_colors_info=&#8221;{}&#8221;][et_pb_row _builder_version=&#8221;4.16&#8243; background_size=&#8221;initial&#8221; background_position=&#8221;top_left&#8221; background_repeat=&#8221;repeat&#8221; custom_padding=&#8221;||57px|||&#8221; global_colors_info=&#8221;{}&#8221;][et_pb_column type=&#8221;4_4&#8243; _builder_version=&#8221;4.16&#8243; custom_padding=&#8221;|||&#8221; global_colors_info=&#8221;{}&#8221; custom_padding__hover=&#8221;|||&#8221;][et_pb_text _builder_version=&#8221;4.16&#8243; text_font_size=&#8221;18px&#8221; text_line_height=&#8221;1.8em&#8221; header_3_text_color=&#8221;#7bb03e&#8221; global_colors_info=&#8221;{}&#8221;]<\/p>\n<p><strong>L\u2019H\u00f4pital v\u00e9t\u00e9rinaire de L\u2019\u00cele-Perrot <\/strong> is currently recruiting to fill two part-time or full-time veterinarian positions. We are looking for a dynamic and enthusiastic individual with a positive vision of the profession and a strong desire to work as part of a team, while upholding the highest standards of veterinary practice.<\/p>\n<p>&nbsp;<\/p>\n<p>As general practitioners, we provide our patients with care that meets the highest standards of veterinary medicine. We promote comprehensive preventive medicine from an early age, and education is an integral part of our consultations beginning at the time of pet adoption. Clear and effective communication with our clients is a top priority. Our goal is to build and maintain long-term, trusting relationships with our clientele.<\/p>\n<p>&nbsp;<\/p>\n<p>A positive and pleasant work environment is very important to us. We are fortunate to have an outstanding technical team supporting our veterinarians (VTs, VT assistants, animal care attendants), as well as exceptionally skilled and experienced receptionists. Appointment times range from 30 to 45 minutes, depending on the case.<\/p>\n<p>&nbsp;<\/p>\n<p>Our facilities have been completely new since June 2020, when our hospital relocated. We have seven examination rooms, a large treatment area, a double surgery suite, a dentistry room, a hospitalization area dedicated to exotic animals, as well as beautiful canine, feline, and isolation wards.<\/p>\n<p>&nbsp;<\/p>\n<p>Everything has been designed to make our work pleasant, efficient, and comfortable. The veterinarians\u2019 office overlooks the treatment area and is conveniently located next to the pharmacy and at the center of the consultation rooms.<\/p>\n<p>&nbsp;<\/p>\n<p>We also offer a large meeting room, a locker room with individual lockers and a shower, a laundry area with uniform maintenance for the entire team, and a spacious 7,200-square-foot hospital.<\/p>\n<p>&nbsp;<\/p>\n<p>Excellent working conditions. Flexible schedule. We are committed to the well-being of our staff.<\/p>\n<p>&nbsp;<\/p>\n<hr \/>\n<p>&nbsp;<\/p>\n<p>Contact <strong>Dr. Maude Lebeau<\/strong> to schedule a visit of our facilities! Will you be the lucky one?<\/p>\n<p>&nbsp;<\/p>\n<p>Please send your CV to:<br \/><strong><a href=\"mailto:mlebeau@veterinaireileperrot.com\">mlebeau@veterinaireileperrot.com<\/a><\/strong><br \/>Phone: <strong>514-453-3406<\/strong><\/p>\n<p>[\/et_pb_text][\/et_pb_column][\/et_pb_row][\/et_pb_section]<\/p>\n","protected":false},"excerpt":{"rendered":"<p>VETERINARIAN POSITIONL\u2019H\u00f4pital v\u00e9t\u00e9rinaire de L\u2019\u00cele-Perrot is currently recruiting to fill two part-time or full-time veterinarian positions. We are looking for a dynamic and enthusiastic individual with a positive vision of the profession and a strong desire to work as part of a team, while upholding the highest standards of veterinary practice. &nbsp; As general practitioners, [&hellip;]<\/p>\n","protected":false},"author":1,"featured_media":0,"parent":0,"menu_order":0,"comment_status":"closed","ping_status":"closed","template":"","meta":{"_et_pb_use_builder":"on","_et_pb_old_content":"","_et_gb_content_width":"","_monsterinsights_skip_tracking":false,"_monsterinsights_sitenote_active":false,"_monsterinsights_sitenote_note":"","_monsterinsights_sitenote_category":0,"footnotes":""},"class_list":["post-4593","page","type-page","status-publish","hentry"],"yoast_head":"<!-- This site is optimized with the Yoast SEO plugin v26.4 - https:\/\/yoast.com\/wordpress\/plugins\/seo\/ -->\n<title>Veterinarian position - Hopital Veterinaire de LIle-Perrot<\/title>\n<meta name=\"robots\" content=\"index, follow, max-snippet:-1, max-image-preview:large, max-video-preview:-1\" \/>\n<link rel=\"canonical\" href=\"https:\/\/veterinaireileperrot.com\/en\/veterinarian-position\/\" \/>\n<meta property=\"og:locale\" content=\"en_US\" \/>\n<meta property=\"og:type\" content=\"article\" \/>\n<meta property=\"og:title\" content=\"Veterinarian position - Hopital Veterinaire de LIle-Perrot\" \/>\n<meta property=\"og:description\" content=\"VETERINARIAN POSITIONL\u2019H\u00f4pital v\u00e9t\u00e9rinaire de L\u2019\u00cele-Perrot is currently recruiting to fill two part-time or full-time veterinarian positions. We are looking for a dynamic and enthusiastic individual with a positive vision of the profession and a strong desire to work as part of a team, while upholding the highest standards of veterinary practice. &nbsp; As general practitioners, [&hellip;]\" \/>\n<meta property=\"og:url\" content=\"https:\/\/veterinaireileperrot.com\/en\/veterinarian-position\/\" \/>\n<meta property=\"og:site_name\" content=\"Hopital Veterinaire de LIle-Perrot\" \/>\n<meta property=\"article:modified_time\" content=\"2026-04-01T16:06:04+00:00\" \/>\n<meta name=\"twitter:card\" content=\"summary_large_image\" \/>\n<meta name=\"twitter:label1\" content=\"Est. reading time\" \/>\n\t<meta name=\"twitter:data1\" content=\"3 minutes\" \/>\n<script type=\"application\/ld+json\" class=\"yoast-schema-graph\">{\"@context\":\"https:\/\/schema.org\",\"@graph\":[{\"@type\":\"WebPage\",\"@id\":\"https:\/\/veterinaireileperrot.com\/en\/veterinarian-position\/\",\"url\":\"https:\/\/veterinaireileperrot.com\/en\/veterinarian-position\/\",\"name\":\"Veterinarian position - Hopital Veterinaire de LIle-Perrot\",\"isPartOf\":{\"@id\":\"https:\/\/veterinaireileperrot.com\/#website\"},\"datePublished\":\"2026-03-25T15:51:54+00:00\",\"dateModified\":\"2026-04-01T16:06:04+00:00\",\"breadcrumb\":{\"@id\":\"https:\/\/veterinaireileperrot.com\/en\/veterinarian-position\/#breadcrumb\"},\"inLanguage\":\"en-US\",\"potentialAction\":[{\"@type\":\"ReadAction\",\"target\":[\"https:\/\/veterinaireileperrot.com\/en\/veterinarian-position\/\"]}]},{\"@type\":\"BreadcrumbList\",\"@id\":\"https:\/\/veterinaireileperrot.com\/en\/veterinarian-position\/#breadcrumb\",\"itemListElement\":[{\"@type\":\"ListItem\",\"position\":1,\"name\":\"Accueil\",\"item\":\"https:\/\/veterinaireileperrot.com\/en\/\"},{\"@type\":\"ListItem\",\"position\":2,\"name\":\"Veterinarian position\"}]},{\"@type\":\"WebSite\",\"@id\":\"https:\/\/veterinaireileperrot.com\/#website\",\"url\":\"https:\/\/veterinaireileperrot.com\/\",\"name\":\"Hopital Veterinaire de LIle-Perrot\",\"description\":\"For the wellbeing of your pet\",\"potentialAction\":[{\"@type\":\"SearchAction\",\"target\":{\"@type\":\"EntryPoint\",\"urlTemplate\":\"https:\/\/veterinaireileperrot.com\/?s={search_term_string}\"},\"query-input\":{\"@type\":\"PropertyValueSpecification\",\"valueRequired\":true,\"valueName\":\"search_term_string\"}}],\"inLanguage\":\"en-US\"}]}<\/script>\n<!-- \/ Yoast SEO plugin. -->","yoast_head_json":{"title":"Veterinarian position - Hopital Veterinaire de LIle-Perrot","robots":{"index":"index","follow":"follow","max-snippet":"max-snippet:-1","max-image-preview":"max-image-preview:large","max-video-preview":"max-video-preview:-1"},"canonical":"https:\/\/veterinaireileperrot.com\/en\/veterinarian-position\/","og_locale":"en_US","og_type":"article","og_title":"Veterinarian position - Hopital Veterinaire de LIle-Perrot","og_description":"VETERINARIAN POSITIONL\u2019H\u00f4pital v\u00e9t\u00e9rinaire de L\u2019\u00cele-Perrot is currently recruiting to fill two part-time or full-time veterinarian positions. We are looking for a dynamic and enthusiastic individual with a positive vision of the profession and a strong desire to work as part of a team, while upholding the highest standards of veterinary practice. &nbsp; As general practitioners, [&hellip;]","og_url":"https:\/\/veterinaireileperrot.com\/en\/veterinarian-position\/","og_site_name":"Hopital Veterinaire de LIle-Perrot","article_modified_time":"2026-04-01T16:06:04+00:00","twitter_card":"summary_large_image","twitter_misc":{"Est. reading time":"3 minutes"},"schema":{"@context":"https:\/\/schema.org","@graph":[{"@type":"WebPage","@id":"https:\/\/veterinaireileperrot.com\/en\/veterinarian-position\/","url":"https:\/\/veterinaireileperrot.com\/en\/veterinarian-position\/","name":"Veterinarian position - Hopital Veterinaire de LIle-Perrot","isPartOf":{"@id":"https:\/\/veterinaireileperrot.com\/#website"},"datePublished":"2026-03-25T15:51:54+00:00","dateModified":"2026-04-01T16:06:04+00:00","breadcrumb":{"@id":"https:\/\/veterinaireileperrot.com\/en\/veterinarian-position\/#breadcrumb"},"inLanguage":"en-US","potentialAction":[{"@type":"ReadAction","target":["https:\/\/veterinaireileperrot.com\/en\/veterinarian-position\/"]}]},{"@type":"BreadcrumbList","@id":"https:\/\/veterinaireileperrot.com\/en\/veterinarian-position\/#breadcrumb","itemListElement":[{"@type":"ListItem","position":1,"name":"Accueil","item":"https:\/\/veterinaireileperrot.com\/en\/"},{"@type":"ListItem","position":2,"name":"Veterinarian position"}]},{"@type":"WebSite","@id":"https:\/\/veterinaireileperrot.com\/#website","url":"https:\/\/veterinaireileperrot.com\/","name":"Hopital Veterinaire de LIle-Perrot","description":"For the wellbeing of your pet","potentialAction":[{"@type":"SearchAction","target":{"@type":"EntryPoint","urlTemplate":"https:\/\/veterinaireileperrot.com\/?s={search_term_string}"},"query-input":{"@type":"PropertyValueSpecification","valueRequired":true,"valueName":"search_term_string"}}],"inLanguage":"en-US"}]}},"_links":{"self":[{"href":"https:\/\/veterinaireileperrot.com\/en\/wp-json\/wp\/v2\/pages\/4593","targetHints":{"allow":["GET"]}}],"collection":[{"href":"https:\/\/veterinaireileperrot.com\/en\/wp-json\/wp\/v2\/pages"}],"about":[{"href":"https:\/\/veterinaireileperrot.com\/en\/wp-json\/wp\/v2\/types\/page"}],"author":[{"embeddable":true,"href":"https:\/\/veterinaireileperrot.com\/en\/wp-json\/wp\/v2\/users\/1"}],"replies":[{"embeddable":true,"href":"https:\/\/veterinaireileperrot.com\/en\/wp-json\/wp\/v2\/comments?post=4593"}],"version-history":[{"count":7,"href":"https:\/\/veterinaireileperrot.com\/en\/wp-json\/wp\/v2\/pages\/4593\/revisions"}],"predecessor-version":[{"id":4615,"href":"https:\/\/veterinaireileperrot.com\/en\/wp-json\/wp\/v2\/pages\/4593\/revisions\/4615"}],"wp:attachment":[{"href":"https:\/\/veterinaireileperrot.com\/en\/wp-json\/wp\/v2\/media?parent=4593"}],"curies":[{"name":"wp","href":"https:\/\/api.w.org\/{rel}","templated":true}]}}